{"id":223,"date":"2024-07-30T15:58:57","date_gmt":"2024-07-30T20:58:57","guid":{"rendered":"https:\/\/cppe.net.pe\/portal\/?page_id=223"},"modified":"2024-08-13T06:37:41","modified_gmt":"2024-08-13T11:37:41","slug":"vision-y-mision","status":"publish","type":"page","link":"https:\/\/cppe.org.pe\/portal\/institucional\/vision-y-mision\/","title":{"rendered":"Visi\u00f3n y misi\u00f3n"},"content":{"rendered":"<p>[et_pb_section fb_built=\u00bb1&#8243; fullwidth=\u00bbon\u00bb _builder_version=\u00bb4.27.0&#8243; _module_preset=\u00bbdefault\u00bb hover_enabled=\u00bb0&#8243; global_colors_info=\u00bb{}\u00bb animation_style=\u00bbflip\u00bb sticky_enabled=\u00bb0&#8243;][et_pb_fullwidth_header title=\u00bbVisi\u00f3n y misi\u00f3n\u00bb _builder_version=\u00bb4.27.0&#8243; _module_preset=\u00bbdefault\u00bb title_font=\u00bb&#8211;et_global_heading_font|500||on|||||\u00bb title_text_align=\u00bbcenter\u00bb title_text_color=\u00bb#00254a\u00bb title_font_size=\u00bb50px\u00bb title_letter_spacing=\u00bb5px\u00bb background_color=\u00bbRGBA(255,255,255,0)\u00bb background_enable_mask_style=\u00bbon\u00bb background_mask_style=\u00bbdiagonal-pills\u00bb background_mask_color=\u00bb#F3F6FD\u00bb custom_padding=\u00bb8%||8%||true|false\u00bb hover_enabled=\u00bb0&#8243; global_colors_info=\u00bb{}\u00bb title_font_size_last_edited=\u00bbon|phone\u00bb title_font_size_phone=\u00bb34px\u00bb sticky_enabled=\u00bb0&#8243; title_font_size_tablet=\u00bb50px\u00bb][\/et_pb_fullwidth_header][\/et_pb_section][et_pb_section fb_built=\u00bb1&#8243; _builder_version=\u00bb4.27.0&#8243; _module_preset=\u00bbdefault\u00bb custom_padding=\u00bb20px||||false|false\u00bb global_colors_info=\u00bb{}\u00bb][et_pb_row use_custom_gutter=\u00bbon\u00bb _builder_version=\u00bb4.27.0&#8243; _module_preset=\u00bbdefault\u00bb width=\u00bb100%\u00bb max_width=\u00bb100%\u00bb custom_margin=\u00bb||||true|false\u00bb custom_padding=\u00bb0px|10%||10%|false|true\u00bb hover_enabled=\u00bb0&#8243; global_colors_info=\u00bb{}\u00bb animation_style=\u00bbflip\u00bb sticky_enabled=\u00bb0&#8243;][et_pb_column type=\u00bb4_4&#8243; _builder_version=\u00bb4.27.0&#8243; _module_preset=\u00bbdefault\u00bb global_colors_info=\u00bb{}\u00bb][lwp_divi_breadcrumbs home_text=\u00bbInicio\u00bb use_custom_home_link=\u00bboff\u00bb _builder_version=\u00bb4.27.0&#8243; _module_preset=\u00bbdefault\u00bb global_colors_info=\u00bb{}\u00bb][\/lwp_divi_breadcrumbs][\/et_pb_column][\/et_pb_row][et_pb_row column_structure=\u00bb1_4,3_4&#8243; use_custom_gutter=\u00bbon\u00bb _builder_version=\u00bb4.27.0&#8243; _module_preset=\u00bbdefault\u00bb width=\u00bb100%\u00bb max_width=\u00bb100%\u00bb custom_padding=\u00bb|10%||10%|false|true\u00bb hover_enabled=\u00bb0&#8243; global_colors_info=\u00bb{}\u00bb animation_style=\u00bbflip\u00bb sticky_enabled=\u00bb0&#8243;][et_pb_column type=\u00bb1_4&#8243; _builder_version=\u00bb4.27.0&#8243; _module_preset=\u00bbdefault\u00bb global_colors_info=\u00bb{}\u00bb][et_pb_sidebar area=\u00bbet_pb_widget_area_3&#8243; _builder_version=\u00bb4.27.0&#8243; _module_preset=\u00bbdefault\u00bb custom_css_free_form=\u00bb\/* ###### SIDEBAR MENU ###### *\/||||\/* ###### Background color menu item ###### *\/||.et_pb_widget_area .menu .menu-item {||background-color: #e5e5e5;||}||||\/* ###### Text color menu item ###### *\/||.et_pb_widget_area .menu .menu-item a {||color: #444;||}||||\/* ###### Background hover ###### *\/||.et_pb_widget_area .menu .menu-item:hover {||background-color: #1e5096;||}||||\/* ###### Text color hover ###### *\/||.et_pb_widget_area .menu .menu-item:hover a {||color: #fff;||}||||\/* ###### Background color active menu item ###### *\/||.et_pb_widget_area .menu .current-menu-item {||background-color: #1e5096;||}||||\/* ###### Text color active menu item ###### *\/||.et_pb_widget_area .menu .current-menu-item a {||color: #fff !important;||}||||\/* ###### Widget menu title size ###### *\/||.widget_nav_menu h4 {||font-weight: bold !important;||margin-bottom: 10px;||font-size: 28px !important;||}||||@media all and (max-width: 980px) {||.et_pb_column .et_pb_widget.widget_nav_menu {||width: 100% !important;||}}||||.et_pb_widget_area .menu .menu-item {||padding: 10px 20px 10px 20px;||-webkit-transition: all .3s ease-out;||-moz-transition: all 0.3s ease-out;||-ms-transition: all 0.3s ease-out;||-o-transition: all 0.3s ease-out;||transition: all 0.3s ease-out;||}||||.et_pb_widget_area .menu .menu-item a {||-webkit-transition: all .3s ease-out;||-moz-transition: all 0.3s ease-out;||-ms-transition: all 0.3s ease-out;||-o-transition: all 0.3s ease-out;||transition: all 0.3s ease-out;||}\u00bb global_colors_info=\u00bb{}\u00bb][\/et_pb_sidebar][\/et_pb_column][et_pb_column type=\u00bb3_4&#8243; _builder_version=\u00bb4.27.0&#8243; _module_preset=\u00bbdefault\u00bb global_colors_info=\u00bb{}\u00bb][et_pb_accordion _builder_version=\u00bb4.27.0&#8243; _module_preset=\u00bbdefault\u00bb global_colors_info=\u00bb{}\u00bb][et_pb_accordion_item title=\u00bbVisi\u00f3n\u00bb open=\u00bbon\u00bb _builder_version=\u00bb4.27.0&#8243; _module_preset=\u00bbdefault\u00bb body_font=\u00bb&#8211;et_global_body_font||||||||\u00bb global_colors_info=\u00bb{}\u00bb toggle_level=\u00bbh2&#8243; toggle_font=\u00bb&#8211;et_global_heading_font|||on|||||\u00bb]<\/p>\n<p>Un Colegio Profesional con autonom\u00eda, democracia, representaci\u00f3n real y protag\u00f3nica al servicio del magisterio y la educaci\u00f3n, aliada de las organizaciones del Sector Educaci\u00f3n con el fin de mejorar la educaci\u00f3n peruana, en funci\u00f3n del desarrollo democr\u00e1tico nacional de nuestro pa\u00eds.<\/p>\n<p>[\/et_pb_accordion_item][et_pb_accordion_item title=\u00bbMisi\u00f3n\u00bb _builder_version=\u00bb4.27.0&#8243; _module_preset=\u00bbdefault\u00bb body_font=\u00bb&#8211;et_global_body_font||||||||\u00bb global_colors_info=\u00bb{}\u00bb toggle_level=\u00bbh2&#8243; toggle_font=\u00bb&#8211;et_global_heading_font|||on|||||\u00bb open=\u00bboff\u00bb]<\/p>\n<p>El Colegio de Profesores del Per\u00fa, instituci\u00f3n profesional, \u00e9tica y deontol\u00f3gica promueve la dignificaci\u00f3n del magisterio, la revaloraci\u00f3n profesional, la calidad de la educaci\u00f3n y el desarrollo nacional.<\/p>\n<p>[\/et_pb_accordion_item][\/et_pb_accordion][\/et_pb_column][\/et_pb_row][\/et_pb_section]<\/p>\n","protected":false},"excerpt":{"rendered":"<p><div class=\"et_pb_module lwp_divi_breadcrumbs lwp_divi_breadcrumbs_0\">\n\t\t\t\t\n\t\t\t\t\n\t\t\t\t\n\t\t\t\t\n\t\t\t\t\n\t\t\t\t\n\t\t\t\t<div class=\"et_pb_module_inner\">\n\t\t\t\t\t<div class=\"lwp-breadcrumbs\"> <span class=\"before\"><\/span> <span vocab=\"https:\/\/schema.org\/\" typeof=\"BreadcrumbList\"><span property=\"itemListElement\" typeof=\"ListItem\"><a property=\"item\" typeof=\"WebPage\" href=\"https:\/\/cppe.org.pe\/portal\/\" class=\"home\"><span property=\"name\">Inicio<\/span><\/a><meta property=\"position\" content=\"1\"><\/span> <span class=\"separator et-pb-icon\">&#x39;<\/span> <\/span><\/div>\n\t\t\t\t<\/div>\n\t\t\t<\/div>Un Colegio Profesional con autonom\u00eda, democracia, representaci\u00f3n real y protag\u00f3nica al servicio del magisterio y la educaci\u00f3n, aliada de las organizaciones del Sector Educaci\u00f3n con el fin de mejorar la educaci\u00f3n peruana, en funci\u00f3n del desarrollo democr\u00e1tico nacional de nuestro pa\u00eds.El Colegio de Profesores del Per\u00fa, instituci\u00f3n profesional, \u00e9tica y [&hellip;]<\/p>\n","protected":false},"author":2,"featured_media":0,"parent":87,"menu_order":0,"comment_status":"closed","ping_status":"closed","template":"","meta":{"_seopress_robots_primary_cat":"","_seopress_titles_title":"","_seopress_titles_desc":"","_seopress_robots_index":"","_et_pb_use_builder":"on","_et_pb_old_content":"","_et_gb_content_width":"","footnotes":""},"class_list":["post-223","page","type-page","status-publish","hentry"],"_links":{"self":[{"href":"https:\/\/cppe.org.pe\/portal\/wp-json\/wp\/v2\/pages\/223","targetHints":{"allow":["GET"]}}],"collection":[{"href":"https:\/\/cppe.org.pe\/portal\/wp-json\/wp\/v2\/pages"}],"about":[{"href":"https:\/\/cppe.org.pe\/portal\/wp-json\/wp\/v2\/types\/page"}],"author":[{"embeddable":true,"href":"https:\/\/cppe.org.pe\/portal\/wp-json\/wp\/v2\/users\/2"}],"replies":[{"embeddable":true,"href":"https:\/\/cppe.org.pe\/portal\/wp-json\/wp\/v2\/comments?post=223"}],"version-history":[{"count":6,"href":"https:\/\/cppe.org.pe\/portal\/wp-json\/wp\/v2\/pages\/223\/revisions"}],"predecessor-version":[{"id":6598,"href":"https:\/\/cppe.org.pe\/portal\/wp-json\/wp\/v2\/pages\/223\/revisions\/6598"}],"up":[{"embeddable":true,"href":"https:\/\/cppe.org.pe\/portal\/wp-json\/wp\/v2\/pages\/87"}],"wp:attachment":[{"href":"https:\/\/cppe.org.pe\/portal\/wp-json\/wp\/v2\/media?parent=223"}],"curies":[{"name":"wp","href":"https:\/\/api.w.org\/{rel}","templated":true}]}}