{"id":278,"date":"2024-07-31T18:37:20","date_gmt":"2024-07-31T23:37:20","guid":{"rendered":"https:\/\/cppe.net.pe\/portal\/?page_id=278"},"modified":"2025-02-24T21:20:26","modified_gmt":"2025-02-25T02:20:26","slug":"juntas-directivas-nacionales","status":"publish","type":"page","link":"https:\/\/cppe.org.pe\/portal\/institucional\/juntas-directivas-nacionales\/","title":{"rendered":"Juntas Directivas Nacionales"},"content":{"rendered":"<p>[et_pb_section fb_built=\u00bb1&#8243; fullwidth=\u00bbon\u00bb _builder_version=\u00bb4.27.0&#8243; _module_preset=\u00bbdefault\u00bb animation_style=\u00bbflip\u00bb global_colors_info=\u00bb{}\u00bb][et_pb_fullwidth_header title=\u00bbJuntas Directivas Nacionales\u00bb _builder_version=\u00bb4.27.0&#8243; _module_preset=\u00bbdefault\u00bb title_font=\u00bb&#8211;et_global_heading_font|500||on|||||\u00bb title_text_align=\u00bbcenter\u00bb title_text_color=\u00bb#00254a\u00bb title_font_size=\u00bb50px\u00bb title_letter_spacing=\u00bb5px\u00bb background_color=\u00bbRGBA(255,255,255,0)\u00bb background_enable_mask_style=\u00bbon\u00bb background_mask_style=\u00bbdiagonal-pills\u00bb background_mask_color=\u00bb#F3F6FD\u00bb custom_padding=\u00bb8%||8%||true|false\u00bb title_font_size_tablet=\u00bb50px\u00bb title_font_size_phone=\u00bb34px\u00bb title_font_size_last_edited=\u00bbon|phone\u00bb global_colors_info=\u00bb{}\u00bb][\/et_pb_fullwidth_header][\/et_pb_section][et_pb_section fb_built=\u00bb1&#8243; _builder_version=\u00bb4.27.0&#8243; _module_preset=\u00bbdefault\u00bb custom_padding=\u00bb20px||||false|false\u00bb global_colors_info=\u00bb{}\u00bb][et_pb_row use_custom_gutter=\u00bbon\u00bb _builder_version=\u00bb4.27.0&#8243; _module_preset=\u00bbdefault\u00bb width=\u00bb100%\u00bb max_width=\u00bb100%\u00bb custom_margin=\u00bb||||true|false\u00bb custom_padding=\u00bb0px|10%||10%|false|true\u00bb animation_style=\u00bbflip\u00bb global_colors_info=\u00bb{}\u00bb][et_pb_column type=\u00bb4_4&#8243; _builder_version=\u00bb4.27.0&#8243; _module_preset=\u00bbdefault\u00bb global_colors_info=\u00bb{}\u00bb][lwp_divi_breadcrumbs home_text=\u00bbInicio\u00bb use_custom_home_link=\u00bboff\u00bb _builder_version=\u00bb4.27.0&#8243; _module_preset=\u00bbdefault\u00bb global_colors_info=\u00bb{}\u00bb][\/lwp_divi_breadcrumbs][\/et_pb_column][\/et_pb_row][et_pb_row column_structure=\u00bb1_4,3_4&#8243; use_custom_gutter=\u00bbon\u00bb _builder_version=\u00bb4.27.0&#8243; _module_preset=\u00bbdefault\u00bb width=\u00bb100%\u00bb max_width=\u00bb100%\u00bb custom_padding=\u00bb|10%||10%|false|true\u00bb animation_style=\u00bbflip\u00bb global_colors_info=\u00bb{}\u00bb][et_pb_column type=\u00bb1_4&#8243; _builder_version=\u00bb4.27.0&#8243; _module_preset=\u00bbdefault\u00bb global_colors_info=\u00bb{}\u00bb][et_pb_sidebar area=\u00bbet_pb_widget_area_3&#8243; _builder_version=\u00bb4.27.0&#8243; _module_preset=\u00bbdefault\u00bb custom_css_free_form=\u00bb\/* ###### SIDEBAR MENU ###### *\/||||\/* ###### Background color menu item ###### *\/||.et_pb_widget_area .menu .menu-item {||background-color: #e5e5e5;||}||||\/* ###### Text color menu item ###### *\/||.et_pb_widget_area .menu .menu-item a {||color: #444;||}||||\/* ###### Background hover ###### *\/||.et_pb_widget_area .menu .menu-item:hover {||background-color: #1e5096;||}||||\/* ###### Text color hover ###### *\/||.et_pb_widget_area .menu .menu-item:hover a {||color: #fff;||}||||\/* ###### Background color active menu item ###### *\/||.et_pb_widget_area .menu .current-menu-item {||background-color: #1e5096;||}||||\/* ###### Text color active menu item ###### *\/||.et_pb_widget_area .menu .current-menu-item a {||color: #fff !important;||}||||\/* ###### Widget menu title size ###### *\/||.widget_nav_menu h4 {||font-weight: bold !important;||margin-bottom: 10px;||font-size: 28px !important;||}||||@media all and (max-width: 980px) {||.et_pb_column .et_pb_widget.widget_nav_menu {||width: 100% !important;||}}||||.et_pb_widget_area .menu .menu-item {||padding: 10px 20px 10px 20px;||-webkit-transition: all .3s ease-out;||-moz-transition: all 0.3s ease-out;||-ms-transition: all 0.3s ease-out;||-o-transition: all 0.3s ease-out;||transition: all 0.3s ease-out;||}||||.et_pb_widget_area .menu .menu-item a {||-webkit-transition: all .3s ease-out;||-moz-transition: all 0.3s ease-out;||-ms-transition: all 0.3s ease-out;||-o-transition: all 0.3s ease-out;||transition: all 0.3s ease-out;||}\u00bb global_colors_info=\u00bb{}\u00bb][\/et_pb_sidebar][\/et_pb_column][et_pb_column type=\u00bb3_4&#8243; _builder_version=\u00bb4.27.0&#8243; _module_preset=\u00bbdefault\u00bb global_colors_info=\u00bb{}\u00bb][et_pb_heading title=\u00bbJunta Directiva Nacional 2023 &#8211; 2026&#8243; _builder_version=\u00bb4.27.0&#8243; _module_preset=\u00bbdefault\u00bb title_font=\u00bb&#8211;et_global_heading_font||||||||\u00bb global_colors_info=\u00bb{}\u00bb][\/et_pb_heading][et_pb_team_member name=\u00bbMARCO TULIO DOM\u00cdNGUEZ MATOS\u00bb position=\u00bbDecano Nacional CPPe\u00bb image_url=\u00bbhttps:\/\/cppe.net.pe\/portal\/wp-content\/uploads\/2024\/07\/dmoinguez.jpg\u00bb _builder_version=\u00bb4.27.0&#8243; _module_preset=\u00bbdefault\u00bb header_font=\u00bb&#8211;et_global_heading_font||||||||\u00bb header_text_align=\u00bbleft\u00bb body_font=\u00bb&#8211;et_global_body_font||||||||\u00bb position_font=\u00bb&#8211;et_global_heading_font||||||||\u00bb position_text_align=\u00bbleft\u00bb text_orientation=\u00bbjustified\u00bb custom_padding=\u00bb||||true|false\u00bb border_radii_image=\u00bbon|200px|200px|200px|200px\u00bb border_width_all_image=\u00bb15px\u00bb border_color_all_image=\u00bbRGBA(255,255,255,0)\u00bb global_colors_info=\u00bb{}\u00bb]<\/p>\n<ul>\n<li>Licenciado en Educaci\u00f3n por la Universidad Nacional Jos\u00e9 Faustino S\u00e1nchez Carri\u00f3n. Especialidad: Ciencias Hist\u00f3rico-Sociales.<\/li>\n<li>T\u00edtulo de Abogado por la Universidad Nacional Mayor de San Marcos, Facultad de Derecho y Ciencia Pol\u00edtica, colegiado en el Ilustre Colegio de Abogados de Lima.<\/li>\n<li>T\u00edtulo de Segunda Especialidad en Gesti\u00f3n Escolar con Liderazgo Pedag\u00f3gico por la Universidad San Ignacio de Loyola.<\/li>\n<li>Estudios de maestr\u00eda en Docencia Universitaria por la Universidad Nacional Enrique Guzm\u00e1n y Valle \u201cLa Cantuta\u201d.<\/li>\n<li>Estudios de maestr\u00eda en Derecho Penal y Derecho Procesal Penal por la Universidad C\u00e9sar Vallejo.<\/li>\n<li>Diplomado en Gesti\u00f3n de la calidad en Instituciones Educativas por la Universidad ESAN.<\/li>\n<li>Diplomado en Gesti\u00f3n Escolar por la Escuela de Posgrado de la Universidad San Ignacio de Loyola.<\/li>\n<li>Director del Colegio Juan Francisco de la Bodega y Quadra del Callao, de 1999 al 2022.<\/li>\n<li>Actualmente Director del Colegio Jos\u00e9 Mar\u00eda Arguedas.<\/li>\n<li>Presidente de la Asociaci\u00f3n Regional de Directores de Instituciones Educativas P\u00fablicas del Callao \u201cARDIEPCA\u201d.<\/li>\n<li>Past Vicedecano del CPPe Filial Callao, periodo 2014-2017.<\/li>\n<li>Ex Juez de Paz del distrito de Quiches Sihuas \u2013 Ancash.<\/li>\n<li>Conciliador extrajudicial por el Centro de Formaci\u00f3n y Capacitaci\u00f3n del Ilustre Colegio de Abogados del Callao.<\/li>\n<\/ul>\n<p>[\/et_pb_team_member][\/et_pb_column][\/et_pb_row][et_pb_row column_structure=\u00bb1_4,1_4,1_4,1_4&#8243; use_custom_gutter=\u00bbon\u00bb _builder_version=\u00bb4.27.0&#8243; _module_preset=\u00bbdefault\u00bb width=\u00bb100%\u00bb max_width=\u00bb100%\u00bb custom_padding=\u00bb|10%||10%|false|true\u00bb animation_style=\u00bbflip\u00bb global_colors_info=\u00bb{}\u00bb][et_pb_column type=\u00bb1_4&#8243; _builder_version=\u00bb4.27.0&#8243; _module_preset=\u00bbdefault\u00bb global_colors_info=\u00bb{}\u00bb][\/et_pb_column][et_pb_column type=\u00bb1_4&#8243; _builder_version=\u00bb4.27.0&#8243; _module_preset=\u00bbdefault\u00bb global_colors_info=\u00bb{}\u00bb][et_pb_team_member name=\u00bbReynaldo Robles Aroste\u00bb position=\u00bbVice Decano Nacional\u00bb image_url=\u00bbhttps:\/\/cppe.org.pe\/portal\/wp-content\/uploads\/2024\/07\/fotosjunta23_0002_ROBLES-AROSTE-REYNALDO.jpg\u00bb _builder_version=\u00bb4.27.2&#8243; _module_preset=\u00bbdefault\u00bb text_orientation=\u00bbcenter\u00bb border_radii_image=\u00bbon|200px|200px|200px|200px\u00bb border_width_all_image=\u00bb5px\u00bb border_color_all_image=\u00bbRGBA(255,255,255,0)\u00bb global_colors_info=\u00bb{}\u00bb][\/et_pb_team_member][\/et_pb_column][et_pb_column type=\u00bb1_4&#8243; _builder_version=\u00bb4.27.0&#8243; _module_preset=\u00bbdefault\u00bb global_colors_info=\u00bb{}\u00bb][et_pb_team_member name=\u00bbSegundo Maximiliano Cotrina Leyva\u00bb position=\u00bbDirector Secretario Nacional\u00bb _builder_version=\u00bb4.27.4&#8243; _module_preset=\u00bbdefault\u00bb text_orientation=\u00bbcenter\u00bb hover_enabled=\u00bb0&#8243; border_radii_image=\u00bbon|200px|200px|200px|200px\u00bb border_width_all_image=\u00bb5px\u00bb border_color_all_image=\u00bbRGBA(255,255,255,0)\u00bb global_colors_info=\u00bb{}\u00bb title_text=\u00bbSEGUNDO-COTRINA-LEYVA\u00bb image_url=\u00bbhttps:\/\/cppe.org.pe\/portal\/wp-content\/uploads\/2025\/02\/SEGUNDO-COTRINA-LEYVA.png\u00bb sticky_enabled=\u00bb0&#8243;][\/et_pb_team_member][\/et_pb_column][et_pb_column type=\u00bb1_4&#8243; _builder_version=\u00bb4.27.0&#8243; _module_preset=\u00bbdefault\u00bb global_colors_info=\u00bb{}\u00bb][et_pb_team_member name=\u00bbJaime Cupe Cabezas\u00bb position=\u00bbDirector Nacional de Asuntos Acad\u00e9micos y Profesionales\u00bb image_url=\u00bbhttps:\/\/cppe.net.pe\/portal\/wp-content\/uploads\/2024\/07\/fotosjunta23_0006_CUPE-CABEZAS-JAIME.jpg\u00bb _builder_version=\u00bb4.27.0&#8243; _module_preset=\u00bbdefault\u00bb text_orientation=\u00bbcenter\u00bb border_radii_image=\u00bbon|200px|200px|200px|200px\u00bb border_width_all_image=\u00bb5px\u00bb border_color_all_image=\u00bbRGBA(255,255,255,0)\u00bb global_colors_info=\u00bb{}\u00bb][\/et_pb_team_member][\/et_pb_column][\/et_pb_row][et_pb_row column_structure=\u00bb1_4,1_4,1_4,1_4&#8243; use_custom_gutter=\u00bbon\u00bb _builder_version=\u00bb4.27.0&#8243; _module_preset=\u00bbdefault\u00bb width=\u00bb100%\u00bb max_width=\u00bb100%\u00bb custom_padding=\u00bb|10%||10%|false|true\u00bb animation_style=\u00bbflip\u00bb global_colors_info=\u00bb{}\u00bb][et_pb_column type=\u00bb1_4&#8243; _builder_version=\u00bb4.27.0&#8243; _module_preset=\u00bbdefault\u00bb global_colors_info=\u00bb{}\u00bb][\/et_pb_column][et_pb_column type=\u00bb1_4&#8243; _builder_version=\u00bb4.27.0&#8243; _module_preset=\u00bbdefault\u00bb global_colors_info=\u00bb{}\u00bb][et_pb_team_member name=\u00bbC\u00e9sar Horacio Farf\u00e1n Cardenas\u00bb position=\u00bbDirector Nacional de Asuntos Administrativos y Jur\u00eddicos\u00bb _builder_version=\u00bb4.27.4&#8243; _module_preset=\u00bbdefault\u00bb text_orientation=\u00bbcenter\u00bb hover_enabled=\u00bb0&#8243; border_radii_image=\u00bbon|200px|200px|200px|200px\u00bb border_width_all_image=\u00bb5px\u00bb border_color_all_image=\u00bbRGBA(255,255,255,0)\u00bb global_colors_info=\u00bb{}\u00bb title_text=\u00bbCESAR-FARFAN-CARDENAS\u00bb image_url=\u00bbhttps:\/\/cppe.org.pe\/portal\/wp-content\/uploads\/2025\/02\/CESAR-FARFAN-CARDENAS.png\u00bb sticky_enabled=\u00bb0&#8243;][\/et_pb_team_member][\/et_pb_column][et_pb_column type=\u00bb1_4&#8243; _builder_version=\u00bb4.27.0&#8243; _module_preset=\u00bbdefault\u00bb global_colors_info=\u00bb{}\u00bb][et_pb_team_member name=\u00bbNora Esther Manrique Melgarejo\u00bb position=\u00bbDirectora Nacional de Econom\u00eda y Finanzas\u00bb image_url=\u00bbhttps:\/\/cppe.net.pe\/portal\/wp-content\/uploads\/2024\/07\/fotosjunta23_0004_MANRIQUE-MELGAREJO-NORA-ESTHER.jpg\u00bb _builder_version=\u00bb4.27.0&#8243; _module_preset=\u00bbdefault\u00bb text_orientation=\u00bbcenter\u00bb border_radii_image=\u00bbon|200px|200px|200px|200px\u00bb border_width_all_image=\u00bb5px\u00bb border_color_all_image=\u00bbRGBA(255,255,255,0)\u00bb global_colors_info=\u00bb{}\u00bb][\/et_pb_team_member][\/et_pb_column][et_pb_column type=\u00bb1_4&#8243; _builder_version=\u00bb4.27.0&#8243; _module_preset=\u00bbdefault\u00bb global_colors_info=\u00bb{}\u00bb][et_pb_team_member name=\u00bbNancy Prado Jayo\u00bb position=\u00bbDirectora Nacional de Previsi\u00f3n y Bienestar Social\u00bb image_url=\u00bbhttps:\/\/cppe.net.pe\/portal\/wp-content\/uploads\/2024\/07\/fotosjunta23_0003_PRADO-JAYO-NANCY.jpg\u00bb _builder_version=\u00bb4.27.0&#8243; _module_preset=\u00bbdefault\u00bb text_orientation=\u00bbcenter\u00bb border_radii_image=\u00bbon|200px|200px|200px|200px\u00bb border_width_all_image=\u00bb5px\u00bb border_color_all_image=\u00bbRGBA(255,255,255,0)\u00bb global_colors_info=\u00bb{}\u00bb][\/et_pb_team_member][\/et_pb_column][\/et_pb_row][et_pb_row column_structure=\u00bb1_4,1_4,1_4,1_4&#8243; use_custom_gutter=\u00bbon\u00bb _builder_version=\u00bb4.27.0&#8243; _module_preset=\u00bbdefault\u00bb width=\u00bb100%\u00bb max_width=\u00bb100%\u00bb custom_padding=\u00bb|10%||10%|false|true\u00bb animation_style=\u00bbflip\u00bb global_colors_info=\u00bb{}\u00bb][et_pb_column type=\u00bb1_4&#8243; _builder_version=\u00bb4.27.0&#8243; _module_preset=\u00bbdefault\u00bb global_colors_info=\u00bb{}\u00bb][\/et_pb_column][et_pb_column type=\u00bb1_4&#8243; _builder_version=\u00bb4.27.0&#8243; _module_preset=\u00bbdefault\u00bb global_colors_info=\u00bb{}\u00bb][et_pb_team_member name=\u00bbMerly Janet Berr\u00edos Sanchez\u00bb position=\u00bbDirectora Nacional de Coordinaci\u00f3n Regional\u00bb image_url=\u00bbhttps:\/\/cppe.net.pe\/portal\/wp-content\/uploads\/2024\/07\/fotosjunta23_0007_BERRIOS-SANCHEZ-MERLY-JANET.jpg\u00bb _builder_version=\u00bb4.27.0&#8243; _module_preset=\u00bbdefault\u00bb text_orientation=\u00bbcenter\u00bb border_radii_image=\u00bbon|200px|200px|200px|200px\u00bb border_width_all_image=\u00bb5px\u00bb border_color_all_image=\u00bbRGBA(255,255,255,0)\u00bb global_colors_info=\u00bb{}\u00bb][\/et_pb_team_member][\/et_pb_column][et_pb_column type=\u00bb1_4&#8243; _builder_version=\u00bb4.27.0&#8243; _module_preset=\u00bbdefault\u00bb global_colors_info=\u00bb{}\u00bb][et_pb_team_member name=\u00bbLuis Magno Sime\u00f3n Funegra \u00bb position=\u00bbDirector Nacional de Prensa, Eventos y Publicaciones\u00bb image_url=\u00bbhttps:\/\/cppe.net.pe\/portal\/wp-content\/uploads\/2024\/07\/fotosjunta23_0001_SIMEON-FUNEGRA-LUIS-MAGNO.jpg\u00bb _builder_version=\u00bb4.27.0&#8243; _module_preset=\u00bbdefault\u00bb text_orientation=\u00bbcenter\u00bb border_radii_image=\u00bbon|200px|200px|200px|200px\u00bb border_width_all_image=\u00bb5px\u00bb border_color_all_image=\u00bbRGBA(255,255,255,0)\u00bb global_colors_info=\u00bb{}\u00bb][\/et_pb_team_member][\/et_pb_column][et_pb_column type=\u00bb1_4&#8243; _builder_version=\u00bb4.27.0&#8243; _module_preset=\u00bbdefault\u00bb global_colors_info=\u00bb{}\u00bb][\/et_pb_column][\/et_pb_row][et_pb_row column_structure=\u00bb1_4,3_4&#8243; use_custom_gutter=\u00bbon\u00bb _builder_version=\u00bb4.27.0&#8243; _module_preset=\u00bbdefault\u00bb width=\u00bb100%\u00bb max_width=\u00bb100%\u00bb custom_padding=\u00bb|10%||10%|false|true\u00bb animation_style=\u00bbflip\u00bb global_colors_info=\u00bb{}\u00bb][et_pb_column type=\u00bb1_4&#8243; _builder_version=\u00bb4.27.0&#8243; _module_preset=\u00bbdefault\u00bb global_colors_info=\u00bb{}\u00bb][\/et_pb_column][et_pb_column type=\u00bb3_4&#8243; _builder_version=\u00bb4.27.0&#8243; _module_preset=\u00bbdefault\u00bb global_colors_info=\u00bb{}\u00bb][et_pb_divider _builder_version=\u00bb4.27.0&#8243; _module_preset=\u00bbdefault\u00bb custom_padding=\u00bb||||true|false\u00bb global_colors_info=\u00bb{}\u00bb][\/et_pb_divider][et_pb_toggle title=\u00bbVer Juntas Directivas Nacionales anteriores\u00bb _builder_version=\u00bb4.27.0&#8243; _module_preset=\u00bbdefault\u00bb title_level=\u00bbh1&#8243; title_font=\u00bb&#8211;et_global_heading_font||||||||\u00bb title_font_size=\u00bb30px\u00bb global_colors_info=\u00bb{}\u00bb]<\/p>\n<ul>\n<li><a href=\"https:\/\/cppe.org.pe\/portal\/institucional\/juntas-directivas-nacionales\/junta-directiva-nacional-2020-2023\/\">Junta Directiva Nacional 2020 &#8211; 2023<\/a><\/li>\n<li><a href=\"https:\/\/cppe.org.pe\/portal\/institucional\/juntas-directivas-nacionales\/junta-directiva-nacional-2016-2019\/\">Junta Directiva Nacional 2016 &#8211; 2019<\/a><\/li>\n<li><a href=\"https:\/\/cppe.org.pe\/portal\/institucional\/juntas-directivas-nacionales\/junta-directiva-nacional-2013-2016\/\">Junta Directiva Nacional 2013 &#8211; 2016<\/a><\/li>\n<li><a href=\"https:\/\/cppe.org.pe\/portal\/institucional\/juntas-directivas-nacionales\/junta-directiva-nacional-2010-2013\/\">Junta Directiva Nacional 2010 &#8211; 2013<\/a><\/li>\n<\/ul>\n<p>[\/et_pb_toggle][\/et_pb_column][\/et_pb_row][\/et_pb_section]<\/p>\n","protected":false},"excerpt":{"rendered":"<p><div class=\"et_pb_module lwp_divi_breadcrumbs lwp_divi_breadcrumbs_0\">\n\t\t\t\t\n\t\t\t\t\n\t\t\t\t\n\t\t\t\t\n\t\t\t\t\n\t\t\t\t\n\t\t\t\t<div class=\"et_pb_module_inner\">\n\t\t\t\t\t<div class=\"lwp-breadcrumbs\"> <span class=\"before\"><\/span> <span vocab=\"https:\/\/schema.org\/\" typeof=\"BreadcrumbList\"><span property=\"itemListElement\" typeof=\"ListItem\"><a property=\"item\" typeof=\"WebPage\" href=\"https:\/\/cppe.org.pe\/portal\/\" class=\"home\"><span property=\"name\">Inicio<\/span><\/a><meta property=\"position\" content=\"1\"><\/span> <span class=\"separator et-pb-icon\">&#x39;<\/span> <\/span><\/div>\n\t\t\t\t<\/div>\n\t\t\t<\/div> Licenciado en Educaci\u00f3n por la Universidad Nacional Jos\u00e9 Faustino S\u00e1nchez Carri\u00f3n. Especialidad: Ciencias Hist\u00f3rico-Sociales. T\u00edtulo de Abogado por la Universidad Nacional Mayor de San Marcos, Facultad de Derecho y Ciencia Pol\u00edtica, colegiado en el Ilustre Colegio de Abogados de Lima. T\u00edtulo de Segunda Especialidad en Gesti\u00f3n Escolar con Liderazgo [&hellip;]<\/p>\n","protected":false},"author":2,"featured_media":0,"parent":87,"menu_order":0,"comment_status":"closed","ping_status":"closed","template":"","meta":{"_seopress_robots_primary_cat":"","_seopress_titles_title":"","_seopress_titles_desc":"","_seopress_robots_index":"","_et_pb_use_builder":"on","_et_pb_old_content":"","_et_gb_content_width":"","footnotes":""},"class_list":["post-278","page","type-page","status-publish","hentry"],"_links":{"self":[{"href":"https:\/\/cppe.org.pe\/portal\/wp-json\/wp\/v2\/pages\/278","targetHints":{"allow":["GET"]}}],"collection":[{"href":"https:\/\/cppe.org.pe\/portal\/wp-json\/wp\/v2\/pages"}],"about":[{"href":"https:\/\/cppe.org.pe\/portal\/wp-json\/wp\/v2\/types\/page"}],"author":[{"embeddable":true,"href":"https:\/\/cppe.org.pe\/portal\/wp-json\/wp\/v2\/users\/2"}],"replies":[{"embeddable":true,"href":"https:\/\/cppe.org.pe\/portal\/wp-json\/wp\/v2\/comments?post=278"}],"version-history":[{"count":22,"href":"https:\/\/cppe.org.pe\/portal\/wp-json\/wp\/v2\/pages\/278\/revisions"}],"predecessor-version":[{"id":6782,"href":"https:\/\/cppe.org.pe\/portal\/wp-json\/wp\/v2\/pages\/278\/revisions\/6782"}],"up":[{"embeddable":true,"href":"https:\/\/cppe.org.pe\/portal\/wp-json\/wp\/v2\/pages\/87"}],"wp:attachment":[{"href":"https:\/\/cppe.org.pe\/portal\/wp-json\/wp\/v2\/media?parent=278"}],"curies":[{"name":"wp","href":"https:\/\/api.w.org\/{rel}","templated":true}]}}