{"id":6409,"date":"2024-08-09T18:22:26","date_gmt":"2024-08-09T23:22:26","guid":{"rendered":"https:\/\/cppe.net.pe\/portal\/?page_id=6409"},"modified":"2024-08-13T06:33:28","modified_gmt":"2024-08-13T11:33:28","slug":"junta-directiva-nacional-2020-2023","status":"publish","type":"page","link":"https:\/\/cppe.org.pe\/portal\/institucional\/juntas-directivas-nacionales\/junta-directiva-nacional-2020-2023\/","title":{"rendered":"Junta Directiva Nacional 2020 \u2013 2023"},"content":{"rendered":"<p>[et_pb_section fb_built=\u00bb1&#8243; fullwidth=\u00bbon\u00bb _builder_version=\u00bb4.27.0&#8243; _module_preset=\u00bbdefault\u00bb hover_enabled=\u00bb0&#8243; global_colors_info=\u00bb{}\u00bb animation_style=\u00bbflip\u00bb sticky_enabled=\u00bb0&#8243;][et_pb_fullwidth_header title=\u00bbJunta Directiva Nacional 2020 &#8211; 2023&#8243; _builder_version=\u00bb4.27.0&#8243; _module_preset=\u00bbdefault\u00bb title_font=\u00bb&#8211;et_global_heading_font|500||on|||||\u00bb title_text_align=\u00bbcenter\u00bb title_text_color=\u00bb#00254a\u00bb title_font_size=\u00bb50px\u00bb title_letter_spacing=\u00bb5px\u00bb background_color=\u00bbRGBA(255,255,255,0)\u00bb background_enable_mask_style=\u00bbon\u00bb background_mask_style=\u00bbdiagonal-pills\u00bb background_mask_color=\u00bb#F3F6FD\u00bb custom_padding=\u00bb8%||8%||true|false\u00bb hover_enabled=\u00bb0&#8243; global_colors_info=\u00bb{}\u00bb title_font_size_last_edited=\u00bbon|phone\u00bb title_font_size_phone=\u00bb34px\u00bb sticky_enabled=\u00bb0&#8243; title_font_size_tablet=\u00bb50px\u00bb][\/et_pb_fullwidth_header][\/et_pb_section][et_pb_section fb_built=\u00bb1&#8243; _builder_version=\u00bb4.27.0&#8243; _module_preset=\u00bbdefault\u00bb custom_padding=\u00bb20px||||false|false\u00bb global_colors_info=\u00bb{}\u00bb][et_pb_row use_custom_gutter=\u00bbon\u00bb _builder_version=\u00bb4.27.0&#8243; _module_preset=\u00bbdefault\u00bb width=\u00bb100%\u00bb max_width=\u00bb100%\u00bb custom_margin=\u00bb||||true|false\u00bb custom_padding=\u00bb0px|10%||10%|false|true\u00bb hover_enabled=\u00bb0&#8243; global_colors_info=\u00bb{}\u00bb animation_style=\u00bbflip\u00bb sticky_enabled=\u00bb0&#8243;][et_pb_column type=\u00bb4_4&#8243; _builder_version=\u00bb4.27.0&#8243; _module_preset=\u00bbdefault\u00bb global_colors_info=\u00bb{}\u00bb][lwp_divi_breadcrumbs home_text=\u00bbInicio\u00bb use_custom_home_link=\u00bboff\u00bb _builder_version=\u00bb4.27.0&#8243; _module_preset=\u00bbdefault\u00bb global_colors_info=\u00bb{}\u00bb][\/lwp_divi_breadcrumbs][\/et_pb_column][\/et_pb_row][et_pb_row column_structure=\u00bb1_4,3_4&#8243; use_custom_gutter=\u00bbon\u00bb _builder_version=\u00bb4.27.0&#8243; _module_preset=\u00bbdefault\u00bb width=\u00bb100%\u00bb max_width=\u00bb100%\u00bb custom_padding=\u00bb|10%||10%|false|true\u00bb hover_enabled=\u00bb0&#8243; global_colors_info=\u00bb{}\u00bb animation_style=\u00bbflip\u00bb sticky_enabled=\u00bb0&#8243;][et_pb_column type=\u00bb1_4&#8243; _builder_version=\u00bb4.27.0&#8243; _module_preset=\u00bbdefault\u00bb global_colors_info=\u00bb{}\u00bb][et_pb_sidebar area=\u00bbet_pb_widget_area_3&#8243; _builder_version=\u00bb4.27.0&#8243; _module_preset=\u00bbdefault\u00bb custom_css_free_form=\u00bb\/* ###### SIDEBAR MENU ###### *\/||||\/* ###### Background color menu item ###### *\/||.et_pb_widget_area .menu .menu-item {||background-color: #e5e5e5;||}||||\/* ###### Text color menu item ###### *\/||.et_pb_widget_area .menu .menu-item a {||color: #444;||}||||\/* ###### Background hover ###### *\/||.et_pb_widget_area .menu .menu-item:hover {||background-color: #1e5096;||}||||\/* ###### Text color hover ###### *\/||.et_pb_widget_area .menu .menu-item:hover a {||color: #fff;||}||||\/* ###### Background color active menu item ###### *\/||.et_pb_widget_area .menu .current-menu-item {||background-color: #1e5096;||}||||\/* ###### Text color active menu item ###### *\/||.et_pb_widget_area .menu .current-menu-item a {||color: #fff !important;||}||||\/* ###### Widget menu title size ###### *\/||.widget_nav_menu h4 {||font-weight: bold !important;||margin-bottom: 10px;||font-size: 28px !important;||}||||@media all and (max-width: 980px) {||.et_pb_column .et_pb_widget.widget_nav_menu {||width: 100% !important;||}}||||.et_pb_widget_area .menu .menu-item {||padding: 10px 20px 10px 20px;||-webkit-transition: all .3s ease-out;||-moz-transition: all 0.3s ease-out;||-ms-transition: all 0.3s ease-out;||-o-transition: all 0.3s ease-out;||transition: all 0.3s ease-out;||}||||.et_pb_widget_area .menu .menu-item a {||-webkit-transition: all .3s ease-out;||-moz-transition: all 0.3s ease-out;||-ms-transition: all 0.3s ease-out;||-o-transition: all 0.3s ease-out;||transition: all 0.3s ease-out;||}\u00bb global_colors_info=\u00bb{}\u00bb][\/et_pb_sidebar][\/et_pb_column][et_pb_column type=\u00bb3_4&#8243; _builder_version=\u00bb4.27.0&#8243; _module_preset=\u00bbdefault\u00bb global_colors_info=\u00bb{}\u00bb][et_pb_team_member name=\u00bbPABLO HEL\u00cd OCA\u00d1A ALEJO\u00bb position=\u00bbDecano Nacional CPPe\u00bb image_url=\u00bbhttps:\/\/cppe.net.pe\/portal\/wp-content\/uploads\/2024\/08\/Pablo-Heli-Ocana-Alejo.png\u00bb _builder_version=\u00bb4.27.0&#8243; _module_preset=\u00bbdefault\u00bb header_font=\u00bb&#8211;et_global_heading_font||||||||\u00bb header_text_align=\u00bbleft\u00bb body_font=\u00bb&#8211;et_global_body_font||||||||\u00bb position_font=\u00bb&#8211;et_global_heading_font||||||||\u00bb position_text_align=\u00bbleft\u00bb text_orientation=\u00bbjustified\u00bb custom_padding=\u00bb||||true|false\u00bb border_radii_image=\u00bbon|200px|200px|200px|200px\u00bb border_width_all_image=\u00bb15px\u00bb border_color_all_image=\u00bbRGBA(255,255,255,0)\u00bb global_colors_info=\u00bb{}\u00bb]<\/p>\n<ul>\n<li>Maestr\u00eda en Gesti\u00f3n P\u00fablica concluida: Universidad de San Mart\u00edn.<\/li>\n<li>Master en Gerencia P\u00fablica certificado por EUCIM BUSINESS SCHOOL \u2013 Espa\u00f1a.<\/li>\n<li>Diplomado en Administraci\u00f3n P\u00fablica de la Universidad San Mart\u00edn.<\/li>\n<li>Especializaci\u00f3n en Administraci\u00f3n y Organizaci\u00f3n en la escuela de postgrado de la UPC.<\/li>\n<li>Bachiller egresado de la Universidad los \u00c1ngeles de Chimbote.<\/li>\n<li>Docente de Educaci\u00f3n Primaria.<\/li>\n<li>Director del Sistema Nacional de Bibliotecas del Per\u00fa: junio 2016 a marzo del 2017.<\/li>\n<li>Asesor de la Direcci\u00f3n Nacional de la Biblioteca Nacional del Per\u00fa \u2013 febrero a junio 2016.<\/li>\n<li>Presidente de Derrama Magisterial, dos Periodos: 2011 \u2013 2015.<\/li>\n<li>Miembro del SUTEP en el Cargo de Secretario de Organizaci\u00f3n y Relaciones Internacionales 2007 \u2013 2011.<\/li>\n<li>Especialista de Educaci\u00f3n Primaria en la UGEL Sihuas por 6 a\u00f1os.<\/li>\n<li>Regidor de la Municipal distrital de Cashapampa Sihuas \u2013 1995 a 1997.<\/li>\n<li>Director de Instituci\u00f3n Educativa 1990 \u2013 1998.<\/li>\n<li>Nombrado en la IE N\u00b0 84105 de Pasacancha Chico en 1990.<\/li>\n<\/ul>\n<p>[\/et_pb_team_member][\/et_pb_column][\/et_pb_row][et_pb_row column_structure=\u00bb1_4,1_4,1_4,1_4&#8243; use_custom_gutter=\u00bbon\u00bb _builder_version=\u00bb4.27.0&#8243; _module_preset=\u00bbdefault\u00bb width=\u00bb100%\u00bb max_width=\u00bb100%\u00bb custom_padding=\u00bb|10%||10%|false|true\u00bb hover_enabled=\u00bb0&#8243; global_colors_info=\u00bb{}\u00bb animation_style=\u00bbflip\u00bb sticky_enabled=\u00bb0&#8243;][et_pb_column type=\u00bb1_4&#8243; _builder_version=\u00bb4.27.0&#8243; _module_preset=\u00bbdefault\u00bb global_colors_info=\u00bb{}\u00bb][\/et_pb_column][et_pb_column type=\u00bb1_4&#8243; _builder_version=\u00bb4.27.0&#8243; _module_preset=\u00bbdefault\u00bb global_colors_info=\u00bb{}\u00bb][et_pb_team_member name=\u00bbElizabeth Edith Olivera Ccalla\u00bb position=\u00bbVice Decano Nacional\u00bb image_url=\u00bbhttps:\/\/cppe.net.pe\/portal\/wp-content\/uploads\/2024\/08\/Elizabeth-Edith-Olivera-Ccalla.jpg\u00bb _builder_version=\u00bb4.27.0&#8243; _module_preset=\u00bbdefault\u00bb text_orientation=\u00bbcenter\u00bb border_radii_image=\u00bbon|200px|200px|200px|200px\u00bb border_width_all_image=\u00bb5px\u00bb border_color_all_image=\u00bbRGBA(255,255,255,0)\u00bb global_colors_info=\u00bb{}\u00bb][\/et_pb_team_member][\/et_pb_column][et_pb_column type=\u00bb1_4&#8243; _builder_version=\u00bb4.27.0&#8243; _module_preset=\u00bbdefault\u00bb global_colors_info=\u00bb{}\u00bb][et_pb_team_member name=\u00bbZaida Patricia Garc\u00eda Castilla\u00bb position=\u00bbDirector Secretario Nacional\u00bb image_url=\u00bbhttps:\/\/cppe.net.pe\/portal\/wp-content\/uploads\/2024\/08\/Zaida-Patricia-Garcia-Castilla.jpg\u00bb _builder_version=\u00bb4.27.0&#8243; _module_preset=\u00bbdefault\u00bb text_orientation=\u00bbcenter\u00bb border_radii_image=\u00bbon|200px|200px|200px|200px\u00bb border_width_all_image=\u00bb5px\u00bb border_color_all_image=\u00bbRGBA(255,255,255,0)\u00bb global_colors_info=\u00bb{}\u00bb][\/et_pb_team_member][\/et_pb_column][et_pb_column type=\u00bb1_4&#8243; _builder_version=\u00bb4.27.0&#8243; _module_preset=\u00bbdefault\u00bb global_colors_info=\u00bb{}\u00bb][et_pb_team_member name=\u00bbManuel Leoncio Nieves Fabi\u00e1n\u00bb position=\u00bbDirector Nacional de Asuntos Acad\u00e9micos y Profesionales\u00bb image_url=\u00bbhttps:\/\/cppe.net.pe\/portal\/wp-content\/uploads\/2024\/08\/Manuel-Leoncio-Nieves-Fabian.jpg\u00bb _builder_version=\u00bb4.27.0&#8243; _module_preset=\u00bbdefault\u00bb text_orientation=\u00bbcenter\u00bb border_radii_image=\u00bbon|200px|200px|200px|200px\u00bb border_width_all_image=\u00bb5px\u00bb border_color_all_image=\u00bbRGBA(255,255,255,0)\u00bb global_colors_info=\u00bb{}\u00bb][\/et_pb_team_member][\/et_pb_column][\/et_pb_row][et_pb_row column_structure=\u00bb1_4,1_4,1_4,1_4&#8243; use_custom_gutter=\u00bbon\u00bb _builder_version=\u00bb4.27.0&#8243; _module_preset=\u00bbdefault\u00bb width=\u00bb100%\u00bb max_width=\u00bb100%\u00bb custom_padding=\u00bb|10%||10%|false|true\u00bb hover_enabled=\u00bb0&#8243; global_colors_info=\u00bb{}\u00bb animation_style=\u00bbflip\u00bb sticky_enabled=\u00bb0&#8243;][et_pb_column type=\u00bb1_4&#8243; _builder_version=\u00bb4.27.0&#8243; _module_preset=\u00bbdefault\u00bb global_colors_info=\u00bb{}\u00bb][\/et_pb_column][et_pb_column type=\u00bb1_4&#8243; _builder_version=\u00bb4.27.0&#8243; _module_preset=\u00bbdefault\u00bb global_colors_info=\u00bb{}\u00bb][et_pb_team_member name=\u00bbCarlos Huiman Espinoza\u00bb position=\u00bbDirector Nacional de Asuntos Administrativos y Jur\u00eddicos\u00bb image_url=\u00bbhttps:\/\/cppe.net.pe\/portal\/wp-content\/uploads\/2024\/08\/Carlos-Huiman-Espinoza.jpg\u00bb _builder_version=\u00bb4.27.0&#8243; _module_preset=\u00bbdefault\u00bb text_orientation=\u00bbcenter\u00bb border_radii_image=\u00bbon|200px|200px|200px|200px\u00bb border_width_all_image=\u00bb5px\u00bb border_color_all_image=\u00bbRGBA(255,255,255,0)\u00bb global_colors_info=\u00bb{}\u00bb][\/et_pb_team_member][\/et_pb_column][et_pb_column type=\u00bb1_4&#8243; _builder_version=\u00bb4.27.0&#8243; _module_preset=\u00bbdefault\u00bb global_colors_info=\u00bb{}\u00bb][et_pb_team_member name=\u00bbDoris Ag\u00fcero Villanueva\u00bb position=\u00bbDirectora Nacional de Econom\u00eda y Finanzas\u00bb image_url=\u00bbhttps:\/\/cppe.net.pe\/portal\/wp-content\/uploads\/2024\/08\/Doris-Aguero-Villanueva.jpg\u00bb _builder_version=\u00bb4.27.0&#8243; _module_preset=\u00bbdefault\u00bb text_orientation=\u00bbcenter\u00bb border_radii_image=\u00bbon|200px|200px|200px|200px\u00bb border_width_all_image=\u00bb5px\u00bb border_color_all_image=\u00bbRGBA(255,255,255,0)\u00bb global_colors_info=\u00bb{}\u00bb][\/et_pb_team_member][\/et_pb_column][et_pb_column type=\u00bb1_4&#8243; _builder_version=\u00bb4.27.0&#8243; _module_preset=\u00bbdefault\u00bb global_colors_info=\u00bb{}\u00bb][et_pb_team_member name=\u00bbCaen Pariona Quintana\u00bb position=\u00bbDirectora Nacional de Previsi\u00f3n y Bienestar Social\u00bb image_url=\u00bbhttps:\/\/cppe.net.pe\/portal\/wp-content\/uploads\/2024\/08\/Caen-Pariona-Quintana.jpg\u00bb _builder_version=\u00bb4.27.0&#8243; _module_preset=\u00bbdefault\u00bb text_orientation=\u00bbcenter\u00bb border_radii_image=\u00bbon|200px|200px|200px|200px\u00bb border_width_all_image=\u00bb5px\u00bb border_color_all_image=\u00bbRGBA(255,255,255,0)\u00bb global_colors_info=\u00bb{}\u00bb][\/et_pb_team_member][\/et_pb_column][\/et_pb_row][et_pb_row column_structure=\u00bb1_4,1_4,1_4,1_4&#8243; use_custom_gutter=\u00bbon\u00bb _builder_version=\u00bb4.27.0&#8243; _module_preset=\u00bbdefault\u00bb width=\u00bb100%\u00bb max_width=\u00bb100%\u00bb custom_padding=\u00bb|10%||10%|false|true\u00bb hover_enabled=\u00bb0&#8243; global_colors_info=\u00bb{}\u00bb animation_style=\u00bbflip\u00bb sticky_enabled=\u00bb0&#8243;][et_pb_column type=\u00bb1_4&#8243; _builder_version=\u00bb4.27.0&#8243; _module_preset=\u00bbdefault\u00bb global_colors_info=\u00bb{}\u00bb][\/et_pb_column][et_pb_column type=\u00bb1_4&#8243; _builder_version=\u00bb4.27.0&#8243; _module_preset=\u00bbdefault\u00bb global_colors_info=\u00bb{}\u00bb][et_pb_team_member name=\u00bbLuis Marcial Soto Luque\u00bb position=\u00bbDirectora Nacional de Coordinaci\u00f3n Regional\u00bb image_url=\u00bbhttps:\/\/cppe.net.pe\/portal\/wp-content\/uploads\/2024\/08\/Luis-Marcial-Soto-Luque.jpg\u00bb _builder_version=\u00bb4.27.0&#8243; _module_preset=\u00bbdefault\u00bb text_orientation=\u00bbcenter\u00bb border_radii_image=\u00bbon|200px|200px|200px|200px\u00bb border_width_all_image=\u00bb5px\u00bb border_color_all_image=\u00bbRGBA(255,255,255,0)\u00bb global_colors_info=\u00bb{}\u00bb][\/et_pb_team_member][\/et_pb_column][et_pb_column type=\u00bb1_4&#8243; _builder_version=\u00bb4.27.0&#8243; _module_preset=\u00bbdefault\u00bb global_colors_info=\u00bb{}\u00bb][et_pb_team_member name=\u00bbLeoncio Luque Ccota\u00bb position=\u00bbDirector Nacional de Prensa, Eventos y Publicaciones\u00bb image_url=\u00bbhttps:\/\/cppe.net.pe\/portal\/wp-content\/uploads\/2024\/08\/Leoncio-Luque-Ccota.jpg\u00bb _builder_version=\u00bb4.27.0&#8243; _module_preset=\u00bbdefault\u00bb text_orientation=\u00bbcenter\u00bb border_radii_image=\u00bbon|200px|200px|200px|200px\u00bb border_width_all_image=\u00bb5px\u00bb border_color_all_image=\u00bbRGBA(255,255,255,0)\u00bb global_colors_info=\u00bb{}\u00bb][\/et_pb_team_member][\/et_pb_column][et_pb_column type=\u00bb1_4&#8243; _builder_version=\u00bb4.27.0&#8243; _module_preset=\u00bbdefault\u00bb global_colors_info=\u00bb{}\u00bb][\/et_pb_column][\/et_pb_row][\/et_pb_section]<\/p>\n","protected":false},"excerpt":{"rendered":"<p><div class=\"et_pb_module lwp_divi_breadcrumbs lwp_divi_breadcrumbs_0\">\n\t\t\t\t\n\t\t\t\t\n\t\t\t\t\n\t\t\t\t\n\t\t\t\t\n\t\t\t\t\n\t\t\t\t<div class=\"et_pb_module_inner\">\n\t\t\t\t\t<div class=\"lwp-breadcrumbs\"> <span class=\"before\"><\/span> <span vocab=\"https:\/\/schema.org\/\" typeof=\"BreadcrumbList\"><span property=\"itemListElement\" typeof=\"ListItem\"><a property=\"item\" typeof=\"WebPage\" href=\"https:\/\/cppe.org.pe\/portal\/\" class=\"home\"><span property=\"name\">Inicio<\/span><\/a><meta property=\"position\" content=\"1\"><\/span> <span class=\"separator et-pb-icon\">&#x39;<\/span> <\/span><\/div>\n\t\t\t\t<\/div>\n\t\t\t<\/div> Maestr\u00eda en Gesti\u00f3n P\u00fablica concluida: Universidad de San Mart\u00edn. Master en Gerencia P\u00fablica certificado por EUCIM BUSINESS SCHOOL \u2013 Espa\u00f1a. Diplomado en Administraci\u00f3n P\u00fablica de la Universidad San Mart\u00edn. Especializaci\u00f3n en Administraci\u00f3n y Organizaci\u00f3n en la escuela de postgrado de la UPC. Bachiller egresado de la Universidad los \u00c1ngeles [&hellip;]<\/p>\n","protected":false},"author":2,"featured_media":0,"parent":278,"menu_order":0,"comment_status":"closed","ping_status":"closed","template":"","meta":{"_seopress_robots_primary_cat":"","_seopress_titles_title":"","_seopress_titles_desc":"","_seopress_robots_index":"","_et_pb_use_builder":"on","_et_pb_old_content":"","_et_gb_content_width":"","footnotes":""},"class_list":["post-6409","page","type-page","status-publish","hentry"],"_links":{"self":[{"href":"https:\/\/cppe.org.pe\/portal\/wp-json\/wp\/v2\/pages\/6409","targetHints":{"allow":["GET"]}}],"collection":[{"href":"https:\/\/cppe.org.pe\/portal\/wp-json\/wp\/v2\/pages"}],"about":[{"href":"https:\/\/cppe.org.pe\/portal\/wp-json\/wp\/v2\/types\/page"}],"author":[{"embeddable":true,"href":"https:\/\/cppe.org.pe\/portal\/wp-json\/wp\/v2\/users\/2"}],"replies":[{"embeddable":true,"href":"https:\/\/cppe.org.pe\/portal\/wp-json\/wp\/v2\/comments?post=6409"}],"version-history":[{"count":6,"href":"https:\/\/cppe.org.pe\/portal\/wp-json\/wp\/v2\/pages\/6409\/revisions"}],"predecessor-version":[{"id":6593,"href":"https:\/\/cppe.org.pe\/portal\/wp-json\/wp\/v2\/pages\/6409\/revisions\/6593"}],"up":[{"embeddable":true,"href":"https:\/\/cppe.org.pe\/portal\/wp-json\/wp\/v2\/pages\/278"}],"wp:attachment":[{"href":"https:\/\/cppe.org.pe\/portal\/wp-json\/wp\/v2\/media?parent=6409"}],"curies":[{"name":"wp","href":"https:\/\/api.w.org\/{rel}","templated":true}]}}